{"id":6086,"date":"2019-02-05T16:30:37","date_gmt":"2019-02-05T15:30:37","guid":{"rendered":"https:\/\/swiss21.org?page_id=6086"},"modified":"2022-12-15T10:29:07","modified_gmt":"2022-12-15T09:29:07","slug":"politica-sulla-riservatezza","status":"publish","type":"page","link":"https:\/\/old.swiss21.org\/it\/politica-sulla-riservatezza\/","title":{"rendered":"Informativa sulla privacy"},"content":{"rendered":"<p>[et_pb_section fb_built=&#8221;1&#8243; disabled_on=&#8221;on|off|off&#8221; admin_label=&#8221;Header desktop&#8221; _builder_version=&#8221;4.17.0&#8243; _module_preset=&#8221;default&#8221; use_background_color_gradient=&#8221;on&#8221; background_color_gradient_stops=&#8221;rgba(0,0,0,0.4) 0%|rgba(0,0,0,0.4) 100%&#8221; background_color_gradient_overlays_image=&#8221;on&#8221; background_image=&#8221;https:\/\/swiss21.org\/wp-content\/uploads\/2022\/06\/Standard.jpg&#8221; locked=&#8221;off&#8221; global_colors_info=&#8221;{}&#8221;][et_pb_row _builder_version=&#8221;4.17.0&#8243; _module_preset=&#8221;default&#8221; background_size=&#8221;initial&#8221; background_position=&#8221;top_left&#8221; background_repeat=&#8221;repeat&#8221; custom_margin=&#8221;49px||80px||false|false&#8221; custom_padding=&#8221;0px||||false|false&#8221; animation_direction=&#8221;top&#8221; global_colors_info=&#8221;{}&#8221;][et_pb_column type=&#8221;4_4&#8243; _builder_version=&#8221;4.16&#8243; _module_preset=&#8221;default&#8221; custom_padding=&#8221;|||&#8221; global_colors_info=&#8221;{}&#8221; custom_padding__hover=&#8221;|||&#8221;][et_pb_text _builder_version=&#8221;4.17.0&#8243; _module_preset=&#8221;default&#8221; text_font=&#8221;||||||||&#8221; text_font_size=&#8221;18px&#8221; header_font=&#8221;|700||on|||||&#8221; header_text_color=&#8221;#ffffff&#8221; header_font_size=&#8221;60px&#8221; header_line_height=&#8221;1.3em&#8221; header_2_font=&#8221;||||||||&#8221; background_size=&#8221;initial&#8221; background_position=&#8221;top_left&#8221; background_repeat=&#8221;repeat&#8221; min_height=&#8221;20px&#8221; custom_margin=&#8221;||-20px||false|false&#8221; custom_padding=&#8221;0px||0px||false|false&#8221; header_font_size_last_edited=&#8221;off|desktop&#8221; locked=&#8221;off&#8221; global_colors_info=&#8221;{}&#8221;]<\/p>\n<h1><span style=\"font-size: xx-large;\">Politica sulla protezione dei dati personali<\/span><\/h1>\n<p>[\/et_pb_text][et_pb_text _builder_version=&#8221;4.17.0&#8243; _module_preset=&#8221;default&#8221; text_font=&#8221;||||||||&#8221; text_text_color=&#8221;#ffffff&#8221; text_font_size=&#8221;24px&#8221; text_line_height=&#8221;1.8em&#8221; background_size=&#8221;initial&#8221; background_position=&#8221;top_left&#8221; background_repeat=&#8221;repeat&#8221; max_width=&#8221;700px&#8221; module_alignment=&#8221;left&#8221; custom_padding=&#8221;0px|||||&#8221; animation_direction=&#8221;top&#8221; locked=&#8221;off&#8221; global_colors_info=&#8221;{}&#8221;]<\/p>\n<p>Come trattiamo i dati<\/p>\n<p>[\/et_pb_text][\/et_pb_column][\/et_pb_row][\/et_pb_section][et_pb_section fb_built=&#8221;1&#8243; disabled_on=&#8221;off|on|on&#8221; admin_label=&#8221;Header mobile&#8221; _builder_version=&#8221;4.17.0&#8243; _module_preset=&#8221;default&#8221; use_background_color_gradient=&#8221;on&#8221; background_color_gradient_stops=&#8221;rgba(0,0,0,0.4) 0%|rgba(0,0,0,0.4) 100%&#8221; background_color_gradient_overlays_image=&#8221;on&#8221; background_image=&#8221;https:\/\/swiss21.org\/wp-content\/uploads\/2022\/06\/m_Standard.jpg&#8221; locked=&#8221;off&#8221; global_colors_info=&#8221;{}&#8221;][et_pb_row _builder_version=&#8221;4.17.0&#8243; _module_preset=&#8221;default&#8221; background_size=&#8221;initial&#8221; background_position=&#8221;top_left&#8221; background_repeat=&#8221;repeat&#8221; custom_margin=&#8221;120px||||false|false&#8221; custom_padding=&#8221;20px||||false|false&#8221; animation_direction=&#8221;top&#8221; hover_transition_duration=&#8221;0ms&#8221; global_colors_info=&#8221;{}&#8221;][et_pb_column type=&#8221;4_4&#8243; _builder_version=&#8221;4.16&#8243; _module_preset=&#8221;default&#8221; custom_padding=&#8221;|||&#8221; global_colors_info=&#8221;{}&#8221; custom_padding__hover=&#8221;|||&#8221;][et_pb_text _builder_version=&#8221;4.17.0&#8243; _module_preset=&#8221;default&#8221; text_font=&#8221;||||||||&#8221; header_font=&#8221;|700||on|||||&#8221; header_text_color=&#8221;#ffffff&#8221; header_font_size=&#8221;60px&#8221; header_line_height=&#8221;1.3em&#8221; header_2_font=&#8221;||||||||&#8221; background_size=&#8221;initial&#8221; background_position=&#8221;top_left&#8221; background_repeat=&#8221;repeat&#8221; min_height=&#8221;20px&#8221; custom_margin=&#8221;25px||10px||false|false&#8221; custom_padding=&#8221;0px||0px||false|false&#8221; hover_transition_duration=&#8221;0ms&#8221; header_font_size_last_edited=&#8221;off|desktop&#8221; locked=&#8221;off&#8221; global_colors_info=&#8221;{}&#8221;]<\/p>\n<p><span style=\"font-size: 24px; color: #ffffff;\">Politica sulla protezione dei dati personali<\/span><\/p>\n<p>[\/et_pb_text][et_pb_text _builder_version=&#8221;4.17.0&#8243; _module_preset=&#8221;default&#8221; text_font=&#8221;||||||||&#8221; text_text_color=&#8221;#ffffff&#8221; text_line_height=&#8221;1.8em&#8221; background_size=&#8221;initial&#8221; background_position=&#8221;top_left&#8221; background_repeat=&#8221;repeat&#8221; max_width=&#8221;700px&#8221; module_alignment=&#8221;left&#8221; custom_padding=&#8221;0px|||||&#8221; animation_direction=&#8221;top&#8221; locked=&#8221;off&#8221; global_colors_info=&#8221;{}&#8221;]<\/p>\n<p>Come trattiamo i dati<\/p>\n<p>[\/et_pb_text][\/et_pb_column][\/et_pb_row][\/et_pb_section][et_pb_section fb_built=&#8221;1&#8243; _builder_version=&#8221;4.16&#8243; background_color=&#8221;rgba(255,255,255,0.95)&#8221; custom_padding=&#8221;3vw||3vw|&#8221; global_colors_info=&#8221;{}&#8221;][et_pb_row _builder_version=&#8221;4.16&#8243; global_colors_info=&#8221;{}&#8221;][et_pb_column type=&#8221;4_4&#8243; _builder_version=&#8221;4.16&#8243; custom_padding=&#8221;|||&#8221; global_colors_info=&#8221;{}&#8221; custom_padding__hover=&#8221;|||&#8221;][et_pb_text _builder_version=&#8221;4.16&#8243; global_colors_info=&#8221;{}&#8221;]<\/p>\n<div class=\"markdowned\">\n<p>Quando visitate il sito web www.swiss21.org (di seguito \u00abswiss21.org\u00bb), elaboriamo e salviamo le informazioni da voi inserite volontariamente (ad es. per creare un account utente) o che vengono trasmesse in automatico. Questi dati ci aiutano a ottimizzare in maniera costante i nostri servizi e a migliorare la vostra esperienza utente. Per noi sono molto importanti la protezione e il trattamento responsabile dei vostri dati. Quest\u2019ultimo, in particolare, implica anche che voi sappiate quali dati vengono raccolti e in che modo vengono trattati.<\/p>\n<p>Visitando swiss21.org, acconsentite all\u2019utilizzo dei dati da voi inseriti in conformit\u00e0 alla presente informativa sulla privacy.<\/p>\n<h2>1. Gestore e ufficio responsabile<\/h2>\n<p>Swiss21.org AG, Weissbadstrasse 8b, 9050 Appenzello (di seguito denominata \u00abSwiss21\u00bb) \u00e8 il gestore del sito web accessibile all\u2019indirizzo swiss21.org e del relativo portale. \u00c8 pertanto responsabile della raccolta, dell\u2019elaborazione e del trattamento dei dati derivanti dall\u2019utilizzo di swiss21.org. La presente informativa sulla privacy \u00e8 parte integrante delle condizioni generali di Swiss21.<\/p>\n<h2>2. Tipi di dati raccolti e loro finalit\u00e0<\/h2>\n<p>Durante la visita a swiss21.org, la registrazione e l\u2019uso del portale vengono raccolti e salvati diversi dati.<\/p>\n<h3>2.1. Dati anonimi<\/h3>\n<p>Quando si richiama swiss21.org o si utilizza il portale, vengono raccolte informazioni generali, come ad es. il tipo e la versione del browser utilizzato, la pagina originaria del link utilizzato per accedere a swiss21.org, la data, la durata e le pagine visitate sul nostro sito web. Questi dati sono raccolti e trattati a fini statistici.<\/p>\n<h3>2.2. Cookie<\/h3>\n<p>Durante la navigazione sul sito web swiss21.org, sul vostro computer vengono salvati i cosiddetti cookie. Si tratta di piccoli file di testo che, ad esempio, salvano le impostazioni predefinite per la prossima visita al fine di rendere l\u2019offerta pi\u00f9 facile da usare e di adattarla alle vostre esigenze.<\/p>\n<p>I cookie vengono inseriti anche da fornitori terzi, tra i quali, ad esempio, applicazioni Google (Analytics, Tag Manager, AdWords, Remarketing) o Freshmarketer. Questi cookie vengono utilizzati, ad esempio, per consentire la visualizzazione di pubblicit\u00e0 corrispondente ai vostri interessi. Questo non solo su swiss21.org, ma anche attraverso il cosiddetto retargeting su siti web di terzi.<\/p>\n<p>Swiss21 utilizza solo i cookie ritenuti necessari. I cookie vengono accettati in automatico dai browser Internet pi\u00f9 diffusi. Tuttavia, \u00e8 possibile evitarlo modificando le impostazioni del vostro browser. \u00c8 possibile rimuovere i cookie memorizzati sul dispositivo in qualsiasi momento cancellando i file temporanei di Internet. Qualora decidiate di disattivare l\u2019archiviazione dei cookie, alcune funzioni potrebbero non essere disponibili. Di conseguenza, potreste non essere in grado di utilizzare pienamente tutte le funzioni offerte da swiss21.org.<\/p>\n<h3>2.3. Dati personali<\/h3>\n<p>Per dati personali si intendono tutti i dati che si riferiscono, singolarmente o combinati, a una determinata persona. Questi includono, ad esempio, il vostro nome, indirizzo, data di nascita, indirizzo e-mail, password, indirizzo IP e le nostre registrazioni dei vostri acquisti e delle pagine di swiss21.org che visitate. La presente informativa sulla privacy riguarda sia i dati storici che quelli futuri.<\/p>\n<h3>2.4. Dati inseriti per l\u2019utilizzo del software<\/h3>\n<p>Quando utilizzate l\u2019offerta di swiss21.org, potete inserire volontariamente dei dati (di seguito denominati \u00abDati d\u2019utilizzo\u00bb). Swiss21 si serve di tali dati per la fornitura dei servizi offerti. Swiss21 pu\u00f2 visualizzare i vostri dati di utilizzo solo se le concedete un\u2019autorizzazione limitata nel tempo (ad esempio, per i servizi di supporto).<\/p>\n<h3>2.5. Dati relativi al pagamento<\/h3>\n<p>Se ordinate servizi a pagamento su swiss21.org, questi possono essere pagati con carta di credito. Per la gestione dei pagamenti sono stati integrati componenti di Payrexx. Durante la procedura di pagamento, i dati necessari vengono trasmessi a Payrexx. L\u2019informativa sulla privacy di Payrexx illustra la natura e l\u2019utilizzo delle informazioni trasmesse a Payrexx.<\/p>\n<h3>2.6. Strumenti di analisi web<\/h3>\n<h4>Google Analytics<\/h4>\n<p>Ci avvaliamo delle cosiddette tecnologie di tracciamento come Google Analytics per migliorare e ottimizzare la nostra offerta. Tali strumenti generano statistiche e grafici che forniscono a Swiss21 informazioni sull\u2019utilizzo di swiss21.org. I dati relativi all\u2019utilizzo di swiss21.org vengono trasferiti al server utilizzato a tale scopo. A seconda del fornitore dello strumento di analisi web, il server pu\u00f2 trovarsi anche all\u2019estero. Le informazioni generate (compreso l\u2019indirizzo IP) possono essere trasmesse e memorizzate su server di paesi terzi, dove gli indirizzi IP vengono anonimizzati con l\u2019apposita procedura. L\u2019anonimizzazione prevede che gli indirizzi IP vengano modificati in modo tale che le informazioni individuali su circostanze personali o fattuali non possano pi\u00f9 essere attribuite a una persona fisica specifica o identificabile, o possano esserlo solo con uno sforzo sproporzionatamente enorme.<\/p>\n<p>Google aderisce all\u2019accordo \u00abSafe Harbor\u00bb del Dipartimento del commercio statunitense con la Svizzera e l\u2019Unione europea e si impegna a rispettare i principi di protezione dei dati ivi contenuti.<\/p>\n<p>Il link attuale \u00e8\u00a0<a href=\"http:\/\/tools.google.com\/dlpage\/gaoptout?hl=it\" target=\"_blank\" rel=\"noopener\">http:\/\/tools.google.com\/dlpage\/gaoptout<\/a>.<\/p>\n<p><a href=\"http:\/\/www.google.com\/analytics\/terms\/it.html\" target=\"_blank\" rel=\"noopener\">Termini e condizioni di Google Analytics<\/a><\/p>\n<p>\u00c8 possibile disattivare Google Analytics per la visualizzazione pubblicitaria utilizzando le Impostazioni annunci: <a href=\"https:\/\/www.google.com\/settings\/ads\/onweb\" target=\"_blank\" rel=\"noopener\">https:\/\/www.google.com\/settings\/ads\/onweb<\/a><\/p>\n<p>Con i plugin del browser \u00e8 possibile impedire la registrazione dei dati raccolti e disattivare Google Analytics: <a href=\"http:\/\/tools.google.com\/dlpage\/gaoptout?hl=it\" target=\"_blank\" rel=\"noopener\">http:\/\/tools.google.com\/dlpage\/gaoptout?hl=it<\/a><\/p>\n<p>\u00c8 possibile disattivare permanentemente il DoubleClick by Google Cookie tramite questo link: <a href=\"http:\/\/goo.gl\/p7Jn86\" target=\"_blank\" rel=\"noopener\">http:\/\/goo.gl\/p7Jn86<\/a><\/p>\n<h4>Remarketing dinamico di Google<\/h4>\n<p>Questo sito web utilizza la funzione Remarketing in AdWords, che viene utilizzata per raggiungere gli utenti che hanno gi\u00e0 visitato il sito web. Ci\u00f2 significa che \u00e8 possibile trasmettere annunci se, subito dopo, vengono visitati altri siti web della Rete Display di Google o se le parole chiave corrispondenti vengono utilizzate nella ricerca di Google. Il remarketing dinamico di Google utilizza i cookie. Sono gi\u00e0 state fornite informazioni sull\u2019uso dei cookie e sulla loro disattivazione.<\/p>\n<p><a href=\"https:\/\/support.google.com\/adwordspolicy\/answer\/143465?hl=it\" target=\"_blank\" rel=\"noopener\">Remarketing dinamico di Google<\/a><\/p>\n<p><a href=\"http:\/\/www.google.com\/analytics\/terms\/it.html\" target=\"_blank\" rel=\"noopener\">Termini e condizioni di Google Analytics<\/a><\/p>\n<h4>Freshmarketer<\/h4>\n<p>Per migliorare l\u2019esperienza utente, questo sito web utilizza Freshmarketer, un servizio di analisi web di Freshworks. Freshmarketer pu\u00f2 essere utilizzato per misurare e valutare il comportamento dell\u2019utente (clic, profondit\u00e0 verticale di scorrimento, ecc.) sulle pagine web. A tal fine Freshmarketer utilizza i cookie sui terminali degli utenti e pu\u00f2 memorizzare dati quali informazioni su browser, sistema operativo, tempo trascorso sul sito, ecc. in forma anonima e sicura. Le informazioni generate dai cookie sull\u2019utilizzo del presente sito web vengono di solito trasmesse a un server negli Stati Uniti e l\u00ec archiviate. Potete impedire il trattamento di questi dati da parte di Freshmarketer disattivando l\u2019uso dei cookie nelle impostazioni del vostro browser web e cancellando i cookie gi\u00e0 attivi. A tale scopo, vi invitiamo a tenere conto delle informazioni fornite dal produttore del browser.<\/p>\n<p><a href=\"https:\/\/www.freshworks.com\/freshmarketer-terms\/\" target=\"_blank\" rel=\"noopener\">Disposizioni di Freshmarketer<\/a><\/p>\n<h4>Smartlook<\/h4>\n<p>Per garantire e ottimizzare la qualit\u00e0 delle nostre offerte online utilizziamo lo strumento di analisi Smartlook di smartlook.com, s.r.o., Milady Horakove 13, 602 00 Brno, Repubblica Ceca.<\/p>\n<p>Questo tool consente una valutazione anonima dell\u2019utilizzo del sito web, in cui i protocolli di utilizzo sono memorizzati secondo le disposizioni di legge e cancellati automaticamente dopo 30 giorni.<\/p>\n<p>Ulteriori informazioni sono disponibili nell\u2019informativa sulla privacy di Smartlook:<\/p>\n<p>\u00c8 possibile disattivare la raccolta dei dati da parte di Smartlook al seguente link:<\/p>\n<h4>Zendesk<\/h4>\n<p>Per elaborare le richieste dei clienti, utilizziamo il sistema di ticket Zendesk, ovvero una piattaforma di servizio clienti di Zendesk Inc., 989 Market Street #300, San Francisco, CA 94102, USA. A tale scopo vengono trasmessi a Zendesk i dati necessari come cognome, nome, indirizzo e-mail. Ulteriori informazioni sul trattamento dei dati da parte di Zendesk sono disponibili all\u2019indirizzo <a href=\"http:\/\/www.zendesk.com\/company\/privacy\" target=\"_blank\" rel=\"noopener\">http:\/\/www.zendesk.com\/company\/privacy.<\/a><\/p>\n<h4>Plug-in per i social media<\/h4>\n<p>Swiss21.org include i plug-in per varie piattaforme di social media di terze parti (come Facebook, Twitter, Instagram, LinkedIn, YouTube). Questi plug-in consentono di condividere contenuti sui social network. Se durante la navigazione su swiss21.org compare un plug-in (ad es. il pulsante \u00abMi piace\u00bb di Facebook), viene automaticamente stabilita una connessione ai server di questo sito web. Questo prevede l\u2019eventuale trasmissione di dati, tramite swiss21, alle suddette parti terze. Se siete connessi in contemporanea al portale di questa terza parte, potete essere assegnati al vostro account di rete (ad es. l\u2019account di Facebook). Swiss21 non influisce in alcun modo sulle modalit\u00e0 di trasmissione di questi dati. Per conoscere la misura e lo scopo della raccolta dei dati, l\u2019ulteriore elaborazione e utilizzo dei dati da parte del vostro fornitore di social media, nonch\u00e9 i vostri diritti al riguardo e le opzioni di impostazione per proteggere la vostra privacy, fate riferimento alle informazioni sulla protezione dei dati di tale fornitore.<\/p>\n<h2>3. Divulgazione dei dati<\/h2>\n<p>I vostri dati personali non saranno trasmessi a terzi, salvo che non ci venga imposto per legge o ci abbiate date il vostro esplicito consenso in conformit\u00e0 con la presente informativa sulla privacy. Le societ\u00e0 affiliate di Swiss21 non sono considerate terzi.<\/p>\n<h3>3.1. A soggetti ausiliari o fornitori di servizi<\/h3>\n<p>Per l\u2019esecuzione e la gestione della vostra attivit\u00e0 avviata tramite swiss21.org, i vostri dati possono essere trasmessi a soggetti ausiliari o a fornitori di servizi da noi incaricati del trattamento. A tal proposito ci accertiamo che i dati personali trasmessi siano, per quanto possibile, anonimi e utilizzati solo nella misura necessaria per la relativa prestazione di servizi e che non vengano trasmessi a terzi.<\/p>\n<h3>3.2. Per l\u2019utilizzo di offerte di terzi<\/h3>\n<p>Se ordinate servizi di terzi tramite swiss21.org, \u00e8 possibile che determinati dati di utilizzo vengano autorizzati per il fornitore. Si tratta di un\u2019opzione utile in quanto vi evita di dover immettere di nuovo questi dati separatamente presso tale fornitore. Sarete rispettivamente informati su tipo e portata dei dati autorizzati e in ogni caso avrete la facolt\u00e0 di concedere o negare il vostro consenso.<\/p>\n<h3>3.3. Tramite interfacce a fornitori terzi<\/h3>\n<p>Durante l\u2019uso di un\u2019interfaccia fornita da Swiss21 a un fornitore terzo, vengono scambiate informazioni con questo fornitore. Nel caso delle coordinate bancarie dell\u2019account, vengono trasmessi, ad esempio, dati bancari o finanziari. Utilizzando tale interfaccia, il cliente dichiara il proprio consenso a tale scambio di dati in conformit\u00e0 con le disposizioni della presente Informativa sulla privacy.<\/p>\n<h2>4. Utilizzo a fini pubblicitari<\/h2>\n<p>Se acconsentite, i vostri dati potranno essere utilizzati per scopi di marketing. In questo modo \u00e8 possibile, ad esempio, ricevere offerte su misura per le proprie esigenze, anche da parte di terzi. A questo scopo \u00e8 possibile creare gruppi di clienti con caratteristiche simili, in modo da poter abbinare la pubblicit\u00e0 al rispettivo profilo cliente.<\/p>\n<p>Se lo desiderate, potete iscrivervi a una newsletter elettronica, che pu\u00f2 essere facilmente disdetta in qualsiasi momento. Al fine di rendere la newsletter pi\u00f9 utile e interessante per voi, Swiss21 ricever\u00e0 una notifica su quali delle nostre e-mail aprite, sempre che il vostro dispositivo supporti questa funzione. Se non desiderate questo tipo di monitoraggio, potete disdire l\u2019iscrizione alla newsletter.<\/p>\n<h2>5. Sicurezza dei dati<\/h2>\n<p>Adottiamo adeguate misure di sicurezza di carattere tecnico e organizzativo per proteggere i dati che vi riguardano archiviati presso di noi contro manipolazioni, perdite parziali o totali e contro l\u2019accesso non autorizzato da parte di terzi. Miglioriamo continuamente le nostre misure di sicurezza in linea con gli sviluppi tecnologici. Sia i nostri collaboratori che i terzi da noi incaricati sono tenuti al segreto e al rispetto delle norme sulla protezione dei dati.<\/p>\n<p>La trasmissione dei dati, dal browser al sito web e all\u2019applicazione accessibili da swiss21.org, \u00e8 criptata. Tuttavia, non possiamo assumerci alcuna responsabilit\u00e0 per la sicurezza della trasmissione dei dati in Internet; in particolare, l\u2019invio di dati tramite e-mail comporta il rischio di accesso da parte di terzi.<\/p>\n<p>I server di Swiss21 si trovano in un centro dati pi\u00f9 volte certificato in Svizzera che soddisfa i pi\u00f9 elevati standard di sicurezza.<\/p>\n<h2>6. Obbligo di conservazione e cancellazione dei dati<\/h2>\n<p>Swiss21 conserver\u00e0 i vostri dati per tutto il tempo necessario o adeguato per il rispetto delle leggi vigenti o per il tempo necessario agli scopi per cui sono stati raccolti. Non appena i dati non sono pi\u00f9 necessari, saranno cancellati in conformit\u00e0 con le Condizioni generali.<\/p>\n<h2>7. Diritto all\u2019informazione<\/h2>\n<p>Dietro richiesta scritta, Swiss21 vi comunicher\u00e0 quali sono i vostri dati personali memorizzati. Avete la facolt\u00e0 di far valere in qualsiasi momento i vostri diritti sulla privacy e di ottenere informazioni sui vostri dati memorizzati, di correggerli o integrarli, di opporvi al trattamento dei vostri dati personali o di richiederne la cancellazione. Per informazioni sulla raccolta e il trattamento dei dati personali da parte di www.swiss21, rivolgetevi al seguente indirizzo: info@swiss21.org.<\/p>\n<h2>8. Modifiche alla presente informativa sulla privacy<\/h2>\n<p>Swiss21 si riserva il diritto di rielaborare, modificare o integrare in qualsiasi momento la presente informativa sulla privacy. Tali modifiche saranno pubblicate su questa pagina.<\/p>\n<p>&nbsp;<\/p>\n<p><em>Ultimo aggiornamento: 26.06.2020<\/em><\/p>\n<\/div>\n<p>[\/et_pb_text][\/et_pb_column][\/et_pb_row][\/et_pb_section]<\/p>\n","protected":false},"excerpt":{"rendered":"<p>Politica sulla protezione dei dati personaliCome trattiamo i datiPolitica sulla protezione dei dati personaliCome trattiamo i dati Quando visitate il sito web www.swiss21.org (di seguito \u00abswiss21.org\u00bb), elaboriamo e salviamo le informazioni da voi inserite volontariamente (ad es. per creare un account utente) o che vengono trasmesse in automatico. Questi dati ci aiutano a ottimizzare in&#46;&#46;&#46;<\/p>\n","protected":false},"author":1,"featured_media":0,"parent":0,"menu_order":10,"comment_status":"closed","ping_status":"closed","template":"","meta":{"_et_pb_use_builder":"on","_et_pb_old_content":"","_et_gb_content_width":"","footnotes":""},"acf":[],"_links":{"self":[{"href":"https:\/\/old.swiss21.org\/it\/wp-json\/wp\/v2\/pages\/6086"}],"collection":[{"href":"https:\/\/old.swiss21.org\/it\/wp-json\/wp\/v2\/pages"}],"about":[{"href":"https:\/\/old.swiss21.org\/it\/wp-json\/wp\/v2\/types\/page"}],"author":[{"embeddable":true,"href":"https:\/\/old.swiss21.org\/it\/wp-json\/wp\/v2\/users\/1"}],"replies":[{"embeddable":true,"href":"https:\/\/old.swiss21.org\/it\/wp-json\/wp\/v2\/comments?post=6086"}],"version-history":[{"count":0,"href":"https:\/\/old.swiss21.org\/it\/wp-json\/wp\/v2\/pages\/6086\/revisions"}],"wp:attachment":[{"href":"https:\/\/old.swiss21.org\/it\/wp-json\/wp\/v2\/media?parent=6086"}],"curies":[{"name":"wp","href":"https:\/\/api.w.org\/{rel}","templated":true}]}}