{"id":6118,"date":"2019-02-19T16:12:01","date_gmt":"2019-02-19T15:12:01","guid":{"rendered":"https:\/\/swiss21.org?page_id=6118"},"modified":"2022-06-28T17:01:37","modified_gmt":"2022-06-28T15:01:37","slug":"impronta","status":"publish","type":"page","link":"https:\/\/old.swiss21.org\/it\/impronta\/","title":{"rendered":"Impronta"},"content":{"rendered":"<p>[et_pb_section fb_built=&#8221;1&#8243; disabled_on=&#8221;on|off|off&#8221; admin_label=&#8221;Header desktop&#8221; _builder_version=&#8221;4.17.0&#8243; _module_preset=&#8221;default&#8221; use_background_color_gradient=&#8221;on&#8221; background_color_gradient_stops=&#8221;rgba(0,0,0,0.4) 0%|rgba(0,0,0,0.4) 100%&#8221; background_color_gradient_overlays_image=&#8221;on&#8221; background_image=&#8221;https:\/\/swiss21.org\/wp-content\/uploads\/2022\/06\/Meilensteine.jpg&#8221; hover_enabled=&#8221;0&#8243; locked=&#8221;off&#8221; global_colors_info=&#8221;{}&#8221; alt=&#8221;Meilensteine von Swiss21&#8243; title_text=&#8221;Meilensteine&#8221; sticky_enabled=&#8221;0&#8243;][et_pb_row _builder_version=&#8221;4.17.0&#8243; _module_preset=&#8221;default&#8221; background_size=&#8221;initial&#8221; background_position=&#8221;top_left&#8221; background_repeat=&#8221;repeat&#8221; custom_margin=&#8221;49px||80px||false|false&#8221; custom_padding=&#8221;0px||||false|false&#8221; animation_direction=&#8221;top&#8221; global_colors_info=&#8221;{}&#8221;][et_pb_column type=&#8221;4_4&#8243; _builder_version=&#8221;4.16&#8243; _module_preset=&#8221;default&#8221; custom_padding=&#8221;|||&#8221; global_colors_info=&#8221;{}&#8221; custom_padding__hover=&#8221;|||&#8221;][et_pb_text _builder_version=&#8221;4.17.0&#8243; _module_preset=&#8221;default&#8221; text_font=&#8221;||||||||&#8221; text_font_size=&#8221;18px&#8221; header_font=&#8221;|700||on|||||&#8221; header_text_color=&#8221;#ffffff&#8221; header_font_size=&#8221;60px&#8221; header_line_height=&#8221;1.3em&#8221; header_2_font=&#8221;||||||||&#8221; background_size=&#8221;initial&#8221; background_position=&#8221;top_left&#8221; background_repeat=&#8221;repeat&#8221; min_height=&#8221;20px&#8221; custom_margin=&#8221;||-20px||false|false&#8221; custom_padding=&#8221;0px||0px||false|false&#8221; hover_enabled=&#8221;0&#8243; header_font_size_last_edited=&#8221;off|desktop&#8221; locked=&#8221;off&#8221; global_colors_info=&#8221;{}&#8221; sticky_enabled=&#8221;0&#8243;]<\/p>\n<h1><span style=\"font-size: xx-large;\"><\/p>\n<p>Impronta<\/p>\n<p><\/span><\/h1>\n<p>[\/et_pb_text][\/et_pb_column][\/et_pb_row][\/et_pb_section][et_pb_section fb_built=&#8221;1&#8243; disabled_on=&#8221;off|on|on&#8221; admin_label=&#8221;Header mobile&#8221; _builder_version=&#8221;4.17.0&#8243; _module_preset=&#8221;default&#8221; use_background_color_gradient=&#8221;on&#8221; background_color_gradient_stops=&#8221;rgba(0,0,0,0.4) 0%|rgba(0,0,0,0.4) 100%&#8221; background_color_gradient_overlays_image=&#8221;on&#8221; background_image=&#8221;https:\/\/swiss21.org\/wp-content\/uploads\/2022\/06\/m_Meilensteine.jpg&#8221; hover_enabled=&#8221;0&#8243; locked=&#8221;off&#8221; global_colors_info=&#8221;{}&#8221; alt=&#8221;Meilensteine von Swiss21&#8243; title_text=&#8221;m_Meilensteine&#8221; sticky_enabled=&#8221;0&#8243;][et_pb_row _builder_version=&#8221;4.17.0&#8243; _module_preset=&#8221;default&#8221; background_size=&#8221;initial&#8221; background_position=&#8221;top_left&#8221; background_repeat=&#8221;repeat&#8221; custom_margin=&#8221;120px||||false|false&#8221; custom_padding=&#8221;20px||||false|false&#8221; animation_direction=&#8221;top&#8221; hover_transition_duration=&#8221;0ms&#8221; global_colors_info=&#8221;{}&#8221;][et_pb_column type=&#8221;4_4&#8243; _builder_version=&#8221;4.16&#8243; _module_preset=&#8221;default&#8221; custom_padding=&#8221;|||&#8221; global_colors_info=&#8221;{}&#8221; custom_padding__hover=&#8221;|||&#8221;][et_pb_text _builder_version=&#8221;4.17.0&#8243; _module_preset=&#8221;default&#8221; text_font=&#8221;||||||||&#8221; header_font=&#8221;|700||on|||||&#8221; header_text_color=&#8221;#ffffff&#8221; header_font_size=&#8221;60px&#8221; header_line_height=&#8221;1.3em&#8221; header_2_font=&#8221;||||||||&#8221; background_size=&#8221;initial&#8221; background_position=&#8221;top_left&#8221; background_repeat=&#8221;repeat&#8221; min_height=&#8221;20px&#8221; custom_margin=&#8221;25px||10px||false|false&#8221; custom_padding=&#8221;0px||0px||false|false&#8221; hover_transition_duration=&#8221;0ms&#8221; hover_enabled=&#8221;0&#8243; header_font_size_last_edited=&#8221;off|desktop&#8221; locked=&#8221;off&#8221; global_colors_info=&#8221;{}&#8221; sticky_enabled=&#8221;0&#8243;]<\/p>\n<p><span style=\"font-size: 24px; color: #ffffff;\">Impronta<\/p>\n<p><\/span><\/p>\n<p>[\/et_pb_text][\/et_pb_column][\/et_pb_row][\/et_pb_section][et_pb_section fb_built=&#8221;1&#8243; _builder_version=&#8221;4.16&#8243; background_color=&#8221;rgba(255,255,255,0.95)&#8221; custom_padding=&#8221;3vw||3vw|&#8221; global_colors_info=&#8221;{}&#8221;][et_pb_row _builder_version=&#8221;4.16&#8243; global_colors_info=&#8221;{}&#8221;][et_pb_column type=&#8221;4_4&#8243; _builder_version=&#8221;4.16&#8243; custom_padding=&#8221;|||&#8221; global_colors_info=&#8221;{}&#8221; custom_padding__hover=&#8221;|||&#8221;][et_pb_text admin_label=&#8221;Kontaktangaben&#8221; _builder_version=&#8221;4.16&#8243; global_colors_info=&#8221;{}&#8221;]<\/p>\n<p>Swiss21.org AG<br \/>\nWeissbadstrasse 8b<br \/>\n9050 Appenzell<\/p>\n<p>Email: info@swiss21.org<\/p>\n<p>Se avete domande sul software stesso o avete bisogno di supporto, si prega di contattare support@swiss21.org. Anche nell&#8217; <a href=\"https:\/\/helpdesk.swiss21.org\/hc\/it\" target=\"_blank\" rel=\"noopener noreferrer\">Helpdesk<\/a> troverete molte risorse di aiuto e istruzioni per le applicazioni di Swiss21.org.<\/p>\n<p>[\/et_pb_text][et_pb_text admin_label=&#8221;Copyright&#8221; _builder_version=&#8221;4.16&#8243; custom_margin=&#8221;0px|||&#8221; global_colors_info=&#8221;{}&#8221;]<\/p>\n<div class=\"et_pb_module et_pb_text et_pb_text_0 et_pb_bg_layout_light  et_pb_text_align_left\">\n<div class=\"et_pb_text_inner\">\n<p><strong>Copyright<\/strong><\/p>\n<p>Il copyright per tutti i contenuti di questo sito web \u00e8 di Swiss21.org AG.<\/p>\n<p><strong>Disclaimer<\/strong><\/p>\n<p>Tutti i testi e i link sono stati attentamente controllati e sono costantemente aggiornati. Facciamo ogni sforzo per fornire informazioni corrette e complete su questo sito web, ma non ci assumiamo alcuna responsabilit\u00e0, garanzia o responsabilit\u00e0 per la correttezza, la completezza o l&#8217;attualit\u00e0 delle informazioni fornite attraverso questo sito web.<\/p>\n<p>Ci riserviamo il diritto di modificare le informazioni contenute in questo sito web in qualsiasi momento e senza preavviso e non ci impegniamo ad aggiornare le informazioni in esso contenute. Tutti i link a fornitori esterni sono stati verificati al momento dell&#8217;inserimento, ma non siamo responsabili per il contenuto e la disponibilit\u00e0 dei siti web a cui si pu\u00f2 accedere tramite hyperlink. Per contenuti illegali, errati o incompleti e in particolare per danni, che derivano dal contenuto dei lati collegati, \u00e8 responsabile solo l&#8217;offerente del lato a cui si fa riferimento. Non importa se il danno \u00e8 di natura diretta, indiretta o finanziaria o se vi sono altri danni che potrebbero derivare dalla perdita di dati, dalla perdita di dati, dalla perdita di utilizzo o da altri motivi di qualsiasi tipo.<\/p>\n<\/div>\n<\/div>\n<p>[\/et_pb_text][\/et_pb_column][\/et_pb_row][\/et_pb_section]<\/p>\n","protected":false},"excerpt":{"rendered":"<p>Impronta Impronta Swiss21.org AG Weissbadstrasse 8b 9050 Appenzell Email: info@swiss21.org Se avete domande sul software stesso o avete bisogno di supporto, si prega di contattare support@swiss21.org. Anche nell&#8217; Helpdesk troverete molte risorse di aiuto e istruzioni per le applicazioni di Swiss21.org. Copyright Il copyright per tutti i contenuti di questo sito web \u00e8 di Swiss21.org&#46;&#46;&#46;<\/p>\n","protected":false},"author":1,"featured_media":0,"parent":0,"menu_order":10,"comment_status":"closed","ping_status":"closed","template":"","meta":{"_et_pb_use_builder":"on","_et_pb_old_content":"","_et_gb_content_width":"","footnotes":""},"acf":[],"_links":{"self":[{"href":"https:\/\/old.swiss21.org\/it\/wp-json\/wp\/v2\/pages\/6118"}],"collection":[{"href":"https:\/\/old.swiss21.org\/it\/wp-json\/wp\/v2\/pages"}],"about":[{"href":"https:\/\/old.swiss21.org\/it\/wp-json\/wp\/v2\/types\/page"}],"author":[{"embeddable":true,"href":"https:\/\/old.swiss21.org\/it\/wp-json\/wp\/v2\/users\/1"}],"replies":[{"embeddable":true,"href":"https:\/\/old.swiss21.org\/it\/wp-json\/wp\/v2\/comments?post=6118"}],"version-history":[{"count":0,"href":"https:\/\/old.swiss21.org\/it\/wp-json\/wp\/v2\/pages\/6118\/revisions"}],"wp:attachment":[{"href":"https:\/\/old.swiss21.org\/it\/wp-json\/wp\/v2\/media?parent=6118"}],"curies":[{"name":"wp","href":"https:\/\/api.w.org\/{rel}","templated":true}]}}