{"id":7238,"date":"2019-04-04T00:19:29","date_gmt":"2019-04-03T22:19:29","guid":{"rendered":"https:\/\/swiss21.org\/visione\/"},"modified":"2023-07-31T13:21:31","modified_gmt":"2023-07-31T11:21:31","slug":"visione","status":"publish","type":"page","link":"https:\/\/old.swiss21.org\/it\/visione\/","title":{"rendered":"Visione"},"content":{"rendered":"<p>[et_pb_section fb_built=&#8221;1&#8243; disabled_on=&#8221;on|off|off&#8221; admin_label=&#8221;Header desktop&#8221; _builder_version=&#8221;4.17.0&#8243; _module_preset=&#8221;default&#8221; use_background_color_gradient=&#8221;on&#8221; background_color_gradient_stops=&#8221;rgba(0,0,0,0.35) 0%|rgba(0,0,0,0.2) 100%&#8221; background_color_gradient_overlays_image=&#8221;on&#8221; background_image=&#8221;https:\/\/swiss21.org\/wp-content\/uploads\/2022\/08\/vision.png&#8221; locked=&#8221;off&#8221; global_colors_info=&#8221;{}&#8221;][et_pb_row _builder_version=&#8221;4.17.0&#8243; _module_preset=&#8221;default&#8221; custom_margin=&#8221;80px||80px||false|false&#8221; custom_padding=&#8221;||||false|false&#8221; animation_direction=&#8221;top&#8221; global_colors_info=&#8221;{}&#8221; background_size=&#8221;initial&#8221; background_position=&#8221;top_left&#8221; background_repeat=&#8221;repeat&#8221;][et_pb_column type=&#8221;4_4&#8243; _builder_version=&#8221;4.16&#8243; _module_preset=&#8221;default&#8221; custom_padding=&#8221;|||&#8221; global_colors_info=&#8221;{}&#8221; custom_padding__hover=&#8221;|||&#8221;][et_pb_text _builder_version=&#8221;4.21.0&#8243; _module_preset=&#8221;default&#8221; text_font=&#8221;||||||||&#8221; text_font_size=&#8221;18px&#8221; header_font=&#8221;|700||on|||||&#8221; header_text_color=&#8221;#ffffff&#8221; header_font_size=&#8221;32px&#8221; header_line_height=&#8221;1.2em&#8221; header_2_font=&#8221;||||||||&#8221; min_height=&#8221;20px&#8221; custom_margin=&#8221;||-20px||false|false&#8221; custom_padding=&#8221;0px||0px||false|false&#8221; header_text_shadow_style=&#8221;preset4&#8243; locked=&#8221;off&#8221; global_colors_info=&#8221;{}&#8221; background_size=&#8221;initial&#8221; background_position=&#8221;top_left&#8221; background_repeat=&#8221;repeat&#8221; hover_enabled=&#8221;0&#8243; sticky_enabled=&#8221;0&#8243;]<\/p>\n<h1>Visione<\/h1>\n<p>[\/et_pb_text][et_pb_text _builder_version=&#8221;4.21.0&#8243; _module_preset=&#8221;default&#8221; text_font=&#8221;||||||||&#8221; text_text_color=&#8221;#ffffff&#8221; text_font_size=&#8221;24px&#8221; text_line_height=&#8221;1.2em&#8221; max_width=&#8221;700px&#8221; module_alignment=&#8221;left&#8221; custom_padding=&#8221;0px||||false|false&#8221; animation_direction=&#8221;top&#8221; text_text_shadow_style=&#8221;preset5&#8243; locked=&#8221;off&#8221; global_colors_info=&#8221;{}&#8221; background_size=&#8221;initial&#8221; background_position=&#8221;top_left&#8221; background_repeat=&#8221;repeat&#8221; custom_margin=&#8221;15px||||false|false&#8221; hover_enabled=&#8221;0&#8243; sticky_enabled=&#8221;0&#8243;]<\/p>\n<p>Scoprite la visione di Swiss21 e i valori che ci stanno a cuore.<\/p>\n<p>[\/et_pb_text][\/et_pb_column][\/et_pb_row][\/et_pb_section][et_pb_section fb_built=&#8221;1&#8243; disabled_on=&#8221;off|on|on&#8221; admin_label=&#8221;Header mobile&#8221; _builder_version=&#8221;4.17.0&#8243; _module_preset=&#8221;default&#8221; use_background_color_gradient=&#8221;on&#8221; background_color_gradient_stops=&#8221;rgba(0,0,0,0.35) 0%|rgba(0,0,0,0.2) 100%&#8221; background_color_gradient_overlays_image=&#8221;on&#8221; background_image=&#8221;https:\/\/swiss21.org\/wp-content\/uploads\/2022\/06\/m_Vision.jpg&#8221; locked=&#8221;off&#8221; global_colors_info=&#8221;{}&#8221;][et_pb_row _builder_version=&#8221;4.17.0&#8243; _module_preset=&#8221;default&#8221; background_size=&#8221;initial&#8221; background_position=&#8221;top_left&#8221; background_repeat=&#8221;repeat&#8221; custom_margin=&#8221;120px||||false|false&#8221; custom_padding=&#8221;20px||||false|false&#8221; animation_direction=&#8221;top&#8221; global_colors_info=&#8221;{}&#8221;][et_pb_column type=&#8221;4_4&#8243; _builder_version=&#8221;4.16&#8243; _module_preset=&#8221;default&#8221; custom_padding=&#8221;|||&#8221; global_colors_info=&#8221;{}&#8221; custom_padding__hover=&#8221;|||&#8221;][et_pb_text _builder_version=&#8221;4.17.0&#8243; _module_preset=&#8221;default&#8221; text_font=&#8221;||||||||&#8221; header_font=&#8221;|700||on|||||&#8221; header_text_color=&#8221;#ffffff&#8221; header_font_size=&#8221;60px&#8221; header_line_height=&#8221;1.3em&#8221; header_2_font=&#8221;||||||||&#8221; background_size=&#8221;initial&#8221; background_position=&#8221;top_left&#8221; background_repeat=&#8221;repeat&#8221; min_height=&#8221;20px&#8221; custom_margin=&#8221;25px||-20px||false|false&#8221; custom_padding=&#8221;0px||30px||false|false&#8221; header_font_size_last_edited=&#8221;off|desktop&#8221; locked=&#8221;off&#8221; global_colors_info=&#8221;{}&#8221;]<\/p>\n<p><span style=\"font-size: 24px; color: #ffffff;\">Visione<\/span><\/p>\n<p>[\/et_pb_text][et_pb_text _builder_version=&#8221;4.17.0&#8243; _module_preset=&#8221;default&#8221; text_font=&#8221;||||||||&#8221; text_text_color=&#8221;#ffffff&#8221; text_line_height=&#8221;1.8em&#8221; background_size=&#8221;initial&#8221; background_position=&#8221;top_left&#8221; background_repeat=&#8221;repeat&#8221; max_width=&#8221;700px&#8221; module_alignment=&#8221;left&#8221; custom_padding=&#8221;0px|||||&#8221; animation_direction=&#8221;top&#8221; locked=&#8221;off&#8221; global_colors_info=&#8221;{}&#8221;]<\/p>\n<p>Scoprite la visione di Swiss21 e i valori che ci stanno a cuore. <\/p>\n<p>[\/et_pb_text][\/et_pb_column][\/et_pb_row][\/et_pb_section][et_pb_section fb_built=&#8221;1&#8243; disabled_on=&#8221;on|on|on&#8221; _builder_version=&#8221;4.16&#8243; background_color=&#8221;#ffffff&#8221; background_image=&#8221;https:\/\/swiss21.org\/wp-content\/uploads\/2019\/04\/Header_pixel.png&#8221; custom_margin=&#8221;0px||0px|&#8221; border_style_all=&#8221;none&#8221; border_width_bottom=&#8221;1px&#8221; border_color_bottom=&#8221;#223145&#8243; disabled=&#8221;on&#8221; global_colors_info=&#8221;{}&#8221;][et_pb_row column_structure=&#8221;1_2,1_2&#8243; make_equal=&#8221;on&#8221; module_class=&#8221; et_pb_row_fullwidth&#8221; _builder_version=&#8221;4.16&#8243; background_size=&#8221;contain&#8221; background_position=&#8221;center_right&#8221; width=&#8221;89%&#8221; width_tablet=&#8221;80%&#8221; width_phone=&#8221;&#8221; width_last_edited=&#8221;on|desktop&#8221; max_width=&#8221;89%&#8221; max_width_tablet=&#8221;80%&#8221; max_width_phone=&#8221;&#8221; max_width_last_edited=&#8221;on|desktop&#8221; module_alignment=&#8221;right&#8221; custom_margin=&#8221;0px||0px|&#8221; make_fullwidth=&#8221;on&#8221; global_colors_info=&#8221;{}&#8221;][et_pb_column type=&#8221;1_2&#8243; _builder_version=&#8221;4.16&#8243; custom_padding=&#8221;|||&#8221; global_colors_info=&#8221;{}&#8221; custom_padding__hover=&#8221;|||&#8221;][\/et_pb_column][et_pb_column type=&#8221;1_2&#8243; _builder_version=&#8221;4.16&#8243; custom_padding=&#8221;|||&#8221; global_colors_info=&#8221;{}&#8221; custom_padding__hover=&#8221;|||&#8221;][et_pb_image src=&#8221;https:\/\/swiss21.org\/wp-content\/uploads\/2019\/04\/Sport-Man.png&#8221; show_bottom_space=&#8221;off&#8221; align_tablet=&#8221;center&#8221; align_phone=&#8221;center&#8221; align_last_edited=&#8221;on|desktop&#8221; _builder_version=&#8221;4.16&#8243; module_alignment=&#8221;left&#8221; global_colors_info=&#8221;{}&#8221;][\/et_pb_image][\/et_pb_column][\/et_pb_row][\/et_pb_section][et_pb_section fb_built=&#8221;1&#8243; _builder_version=&#8221;4.16&#8243; global_colors_info=&#8221;{}&#8221;][et_pb_row _builder_version=&#8221;4.16&#8243; global_colors_info=&#8221;{}&#8221;][et_pb_column type=&#8221;4_4&#8243; _builder_version=&#8221;4.16&#8243; custom_padding=&#8221;|||&#8221; global_colors_info=&#8221;{}&#8221; custom_padding__hover=&#8221;|||&#8221;][et_pb_blurb title=&#8221;Visione&#8221; image=&#8221;https:\/\/swiss21.org\/wp-content\/uploads\/2019\/05\/icons8_goal_100px.png&#8221; icon_placement=&#8221;left&#8221; content_max_width=&#8221;850px&#8221; admin_label=&#8221;Vision&#8221; _builder_version=&#8221;4.17.0&#8243; body_font=&#8221;||||||||&#8221; custom_margin=&#8221;40px||40px&#8221; animation=&#8221;off&#8221; z_index_tablet=&#8221;500&#8243; custom_css_blurb_image=&#8221;width: 100px;||height: 100px;||padding-right: 20px;&#8221; global_colors_info=&#8221;{}&#8221;]<\/p>\n<p>Swiss21.org digitalizza le piccole imprese svizzere. Con partner svizzeri e software commerciale gratuito. Accompagniamo startup e piccole imprese sulla strada della digitalizzazione. Utilizzate i nostri strumenti e salpate per nuovi lidi. In un ambiente caratterizzato da rapidit\u00e0, integrazione e collegamento in rete.<\/p>\n<p>[\/et_pb_blurb][et_pb_blurb title=&#8221;Vantaggi&#8221; image=&#8221;https:\/\/swiss21.org\/wp-content\/uploads\/2019\/05\/icons8_trust_100px.png&#8221; icon_placement=&#8221;left&#8221; content_max_width=&#8221;850px&#8221; admin_label=&#8221;Ihr Nutzen&#8221; _builder_version=&#8221;4.16&#8243; body_font=&#8221;||||||||&#8221; custom_margin=&#8221;40px||40px&#8221; animation=&#8221;off&#8221; z_index_tablet=&#8221;500&#8243; custom_css_blurb_image=&#8221;width: 100px;||height: 100px;||padding-right: 20px;&#8221; global_colors_info=&#8221;{}&#8221;]<\/p>\n<p>Con Swiss21 avete a disposizione un\u00a0pacchetto software sperimentato e completamente integrato, basato sul cloud. Non avete bisogno di un server e i vostri dati sono\u00a0archiviati al sicuro in Svizzera. Con Swiss21.org avete sempre tutte le informazioni importanti a portata di mano, potete\u00a0<strong>agire tempestivamente, prendere le decisioni giuste<\/strong>\u00a0e avere pi\u00f9 tempo da dedicare alla vostra attivit\u00e0. I nostri strumenti rendono tutto pi\u00f9 facile.\u00a0Vi fanno risparmiare tempo e vi portano pi\u00f9 in fretta al traguardo, grazie all\u2019impiego del software pi\u00f9 adeguato alla vostra azienda fin dalle fasi iniziali.<\/p>\n<p>[\/et_pb_blurb][\/et_pb_column][\/et_pb_row][\/et_pb_section][et_pb_section fb_built=&#8221;1&#8243; disabled_on=&#8221;on|on|on&#8221; _builder_version=&#8221;4.16&#8243; background_color=&#8221;rgba(255,255,255,0.95)&#8221; custom_padding=&#8221;3vw||3vw|&#8221; disabled=&#8221;on&#8221; global_colors_info=&#8221;{}&#8221;][et_pb_row _builder_version=&#8221;4.16&#8243; custom_padding=&#8221;1.5vw|||&#8221; global_colors_info=&#8221;{}&#8221;][et_pb_column type=&#8221;4_4&#8243; _builder_version=&#8221;4.16&#8243; custom_padding=&#8221;|||&#8221; global_colors_info=&#8221;{}&#8221; custom_padding__hover=&#8221;|||&#8221;][et_pb_text admin_label=&#8221;Title: Vision&#8221; _builder_version=&#8221;4.16&#8243; header_font=&#8221;|300|||||||&#8221; header_text_align=&#8221;center&#8221; header_font_size=&#8221;28px&#8221; custom_padding_last_edited=&#8221;off|tablet&#8221; border_radii=&#8221;on|15px|15px|15px|15px&#8221; global_colors_info=&#8221;{}&#8221;]<\/p>\n<h1>Vision<\/h1>\n<p>[\/et_pb_text][\/et_pb_column][\/et_pb_row][et_pb_row _builder_version=&#8221;4.16&#8243; global_colors_info=&#8221;{}&#8221;][et_pb_column type=&#8221;4_4&#8243; _builder_version=&#8221;4.16&#8243; custom_padding=&#8221;|||&#8221; global_colors_info=&#8221;{}&#8221; custom_padding__hover=&#8221;|||&#8221;][et_pb_divider show_divider=&#8221;off&#8221; _builder_version=&#8221;4.16&#8243; global_colors_info=&#8221;{}&#8221;][\/et_pb_divider][et_pb_text admin_label=&#8221;Vision&#8221; _builder_version=&#8221;4.16&#8243; background_color=&#8221;#f6f8fa&#8221; text_orientation=&#8221;center&#8221; max_width=&#8221;80%&#8221; module_alignment=&#8221;center&#8221; custom_padding=&#8221;3vw|15px|3vw|15px&#8221; global_colors_info=&#8221;{}&#8221;]<\/p>\n<p>Swiss21.org digitalizza le piccole imprese svizzere. Con partner svizzeri e software commerciale gratuito. Accompagniamo startup e piccole imprese sulla strada della digitalizzazione. Utilizzate i nostri strumenti e salpate per nuovi lidi. In un ambiente caratterizzato da rapidit\u00e0, integrazione e collegamento in rete.<\/p>\n<p>[\/et_pb_text][et_pb_divider show_divider=&#8221;off&#8221; _builder_version=&#8221;4.16&#8243; global_colors_info=&#8221;{}&#8221;][\/et_pb_divider][\/et_pb_column][\/et_pb_row][et_pb_row _builder_version=&#8221;4.16&#8243; global_colors_info=&#8221;{}&#8221;][et_pb_column type=&#8221;4_4&#8243; _builder_version=&#8221;4.16&#8243; custom_padding=&#8221;|||&#8221; global_colors_info=&#8221;{}&#8221; custom_padding__hover=&#8221;|||&#8221;][et_pb_divider show_divider=&#8221;off&#8221; _builder_version=&#8221;4.16&#8243; global_colors_info=&#8221;{}&#8221;][\/et_pb_divider][et_pb_text admin_label=&#8221;Nutzen&#8221; _builder_version=&#8221;4.16&#8243; background_color=&#8221;#f6f8fa&#8221; text_orientation=&#8221;center&#8221; max_width=&#8221;80%&#8221; module_alignment=&#8221;center&#8221; custom_padding=&#8221;3vw|2vw|3vw|2vw&#8221; global_colors_info=&#8221;{}&#8221;]<\/p>\n<h3>Vantaggi<\/h3>\n<div class=\"et_pb_module et_pb_text et_pb_text_2 et_pb_bg_layout_light  et_pb_text_align_center\">\n<div class=\"et_pb_text_inner\">\n<p>Con Swiss21 avete a disposizione un\u00a0pacchetto software sperimentato e completamente integrato, basato sul cloud. Non avete bisogno di un server e i vostri dati sono\u00a0archiviati al sicuro in Svizzera. Con Swiss21.org avete sempre tutte le informazioni importanti a portata di mano, potete\u00a0<strong>agire tempestivamente, prendere le decisioni giuste<\/strong>\u00a0e avere pi\u00f9 tempo da dedicare alla vostra attivit\u00e0. I nostri strumenti rendono tutto pi\u00f9 facile.\u00a0Vi fanno risparmiare tempo e vi portano pi\u00f9 in fretta al traguardo, grazie all\u2019impiego del software pi\u00f9 adeguato alla vostra azienda fin dalle fasi iniziali.<\/p>\n<\/div>\n<\/div>\n<p>[\/et_pb_text][et_pb_divider show_divider=&#8221;off&#8221; _builder_version=&#8221;4.16&#8243; global_colors_info=&#8221;{}&#8221;][\/et_pb_divider][\/et_pb_column][\/et_pb_row][\/et_pb_section]<\/p>\n","protected":false},"excerpt":{"rendered":"<p>VisioneScoprite la visione di Swiss21 e i valori che ci stanno a cuore.VisioneScoprite la visione di Swiss21 e i valori che ci stanno a cuore. Swiss21.org digitalizza le piccole imprese svizzere. Con partner svizzeri e software commerciale gratuito. Accompagniamo startup e piccole imprese sulla strada della digitalizzazione. Utilizzate i nostri strumenti e salpate per nuovi&#46;&#46;&#46;<\/p>\n","protected":false},"author":1,"featured_media":0,"parent":0,"menu_order":0,"comment_status":"closed","ping_status":"closed","template":"","meta":{"_et_pb_use_builder":"on","_et_pb_old_content":"","_et_gb_content_width":"","footnotes":""},"acf":[],"_links":{"self":[{"href":"https:\/\/old.swiss21.org\/it\/wp-json\/wp\/v2\/pages\/7238"}],"collection":[{"href":"https:\/\/old.swiss21.org\/it\/wp-json\/wp\/v2\/pages"}],"about":[{"href":"https:\/\/old.swiss21.org\/it\/wp-json\/wp\/v2\/types\/page"}],"author":[{"embeddable":true,"href":"https:\/\/old.swiss21.org\/it\/wp-json\/wp\/v2\/users\/1"}],"replies":[{"embeddable":true,"href":"https:\/\/old.swiss21.org\/it\/wp-json\/wp\/v2\/comments?post=7238"}],"version-history":[{"count":0,"href":"https:\/\/old.swiss21.org\/it\/wp-json\/wp\/v2\/pages\/7238\/revisions"}],"wp:attachment":[{"href":"https:\/\/old.swiss21.org\/it\/wp-json\/wp\/v2\/media?parent=7238"}],"curies":[{"name":"wp","href":"https:\/\/api.w.org\/{rel}","templated":true}]}}